{"id":947,"date":"2019-04-24T16:54:58","date_gmt":"2019-04-24T07:54:58","guid":{"rendered":"https:\/\/home.hiroshima-u.ac.jp\/~france\/?page_id=947"},"modified":"2019-04-24T17:04:27","modified_gmt":"2019-04-24T08:04:27","slug":"archives","status":"publish","type":"page","link":"https:\/\/france.hiroshima-u.ac.jp\/?page_id=947","title":{"rendered":"Archives"},"content":{"rendered":"\n<p>Les archives sont disponibles uniquement en japonais. Pour toute information post\u00e9rieure \u00e0 2018, veuillez utiliser le menu &#8220;Cat\u00e9gories&#8221; \u00e0 droite. <\/p>\n\n\n\n<p>Le r\u00e9sum\u00e9 des activit\u00e9s de l&#8217;ann\u00e9e est disponible <a href=\"http:\/\/france.hiroshima-u.ac.jp\/?page_id=855\">ici<\/a>.<\/p>\n\n\n\n<p>Les photos archiv\u00e9es sont disponibles <a href=\"http:\/\/france.hiroshima-u.ac.jp\/%e6%95%99%e5%ae%a4%e7%b4%b9%e4%bb%8b\/%e5%86%99%e7%9c%9f%e3%82%ae%e3%83%a3%e3%83%a9%e3%83%aa%e3%83%bc\/\">ici<\/a>.<\/p>\n\n\n\n<p style=\"text-align:left\">Les archives des \u00e9v\u00e9nements sont disponibles  <a href=\"http:\/\/france.hiroshima-u.ac.jp\/%e6%95%99%e5%ae%a4%e7%b4%b9%e4%bb%8b\/%e6%b8%88%e3%82%93%e3%81%a0%e8%a1%8c%e4%ba%8b\/\">ici<\/a>.<\/p>\n\n\n\n<p><br><\/p>\n","protected":false},"excerpt":{"rendered":"<p>Les archives sont disponibles uniquement&hellip;&nbsp;<a href=\"https:\/\/france.hiroshima-u.ac.jp\/?page_id=947\" class=\"more-link\">Read More<\/a><\/p>\n","protected":false},"author":1,"featured_media":0,"parent":0,"menu_order":3,"comment_status":"closed","ping_status":"closed","template":"","meta":{"footnotes":""},"class_list":["post-947","page","type-page","status-publish","hentry"],"jetpack_sharing_enabled":true,"_links":{"self":[{"href":"https:\/\/france.hiroshima-u.ac.jp\/index.php?rest_route=\/wp\/v2\/pages\/947","targetHints":{"allow":["GET"]}}],"collection":[{"href":"https:\/\/france.hiroshima-u.ac.jp\/index.php?rest_route=\/wp\/v2\/pages"}],"about":[{"href":"https:\/\/france.hiroshima-u.ac.jp\/index.php?rest_route=\/wp\/v2\/types\/page"}],"author":[{"embeddable":true,"href":"https:\/\/france.hiroshima-u.ac.jp\/index.php?rest_route=\/wp\/v2\/users\/1"}],"replies":[{"embeddable":true,"href":"https:\/\/france.hiroshima-u.ac.jp\/index.php?rest_route=%2Fwp%2Fv2%2Fcomments&post=947"}],"version-history":[{"count":3,"href":"https:\/\/france.hiroshima-u.ac.jp\/index.php?rest_route=\/wp\/v2\/pages\/947\/revisions"}],"predecessor-version":[{"id":952,"href":"https:\/\/france.hiroshima-u.ac.jp\/index.php?rest_route=\/wp\/v2\/pages\/947\/revisions\/952"}],"wp:attachment":[{"href":"https:\/\/france.hiroshima-u.ac.jp\/index.php?rest_route=%2Fwp%2Fv2%2Fmedia&parent=947"}],"curies":[{"name":"wp","href":"https:\/\/api.w.org\/{rel}","templated":true}]}}