{"id":855,"date":"2019-04-08T12:37:17","date_gmt":"2019-04-08T03:37:17","guid":{"rendered":"https:\/\/home.hiroshima-u.ac.jp\/~france\/?page_id=855"},"modified":"2019-04-08T16:31:26","modified_gmt":"2019-04-08T07:31:26","slug":"activites-de-lannee","status":"publish","type":"page","link":"https:\/\/france.hiroshima-u.ac.jp\/?page_id=855","title":{"rendered":"Activit\u00e9s de l&#8217;ann\u00e9e"},"content":{"rendered":"<p>Le r\u00e9sum\u00e9 des activit\u00e9s de l&#8217;ann\u00e9e est disponible uniquement en japonais :<\/p>\n<ul>\n<li><a href=\"http:\/\/france.hiroshima-u.ac.jp\/ja\/%e6%95%99%e5%ae%a4%e7%9f%ad%e4%bf%a1%ef%bc%88%ef%bc%92%ef%bc%90%ef%bc%91%ef%bc%97%ef%bc%89\/\">\u6559\u5ba4\u77ed\u4fe1 (2017)<\/a><\/li>\n<li><a href=\"http:\/\/france.hiroshima-u.ac.jp\/ja\/%e6%95%99%e5%ae%a4%e7%9f%ad%e4%bf%a1%ef%bc%88%ef%bc%92%ef%bc%90%ef%bc%91%ef%bc%96%ef%bc%89\/\">\u6559\u5ba4\u77ed\u4fe1 (2016)<\/a><\/li>\n<li><a href=\"http:\/\/france.hiroshima-u.ac.jp\/ja\/%e6%95%99%e5%ae%a4%e7%9f%ad%e4%bf%a1%ef%bc%88%ef%bc%92%ef%bc%90%ef%bc%91%ef%bc%95%ef%bc%89\/\">\u6559\u5ba4\u77ed\u4fe1 (2015)<\/a><\/li>\n<li><a href=\"http:\/\/france.hiroshima-u.ac.jp\/ja\/%e6%95%99%e5%ae%a4%e7%9f%ad%e4%bf%a1%ef%bc%88%ef%bc%92%ef%bc%90%ef%bc%91%ef%bc%94%ef%bc%89\/\">\u6559\u5ba4\u77ed\u4fe1 (2014)<\/a><\/li>\n<li><a href=\"http:\/\/france.hiroshima-u.ac.jp\/ja\/%e6%95%99%e5%ae%a4%e7%9f%ad%e4%bf%a1%ef%bc%88%ef%bc%92%ef%bc%90%ef%bc%91%ef%bc%93%ef%bc%89\/\">\u6559\u5ba4\u77ed\u4fe1 (2013)<\/a><\/li>\n<li><a href=\"http:\/\/france.hiroshima-u.ac.jp\/ja\/%e6%95%99%e5%ae%a4%e7%9f%ad%e4%bf%a1%ef%bc%88%ef%bc%92%ef%bc%90%ef%bc%91%ef%bc%92%ef%bc%89\/\">\u6559\u5ba4\u77ed\u4fe1 (2012)<\/a><\/li>\n<li><a href=\"http:\/\/france.hiroshima-u.ac.jp\/ja\/%e6%95%99%e5%ae%a4%e7%9f%ad%e4%bf%a1%ef%bc%88%ef%bc%92%ef%bc%90%ef%bc%91%ef%bc%91%ef%bc%89\/\">\u6559\u5ba4\u77ed\u4fe1 (2011)<\/a><\/li>\n<li><a href=\"http:\/\/france.hiroshima-u.ac.jp\/ja\/%e6%95%99%e5%ae%a4%e7%9f%ad%e4%bf%a1%ef%bc%88%ef%bc%92%ef%bc%90%ef%bc%91%ef%bc%90%ef%bc%89\/\">\u6559\u5ba4\u77ed\u4fe1 (2010)<\/a><\/li>\n<li><a href=\"http:\/\/france.hiroshima-u.ac.jp\/ja\/%e6%95%99%e5%ae%a4%e7%9f%ad%e4%bf%a1%ef%bc%88%ef%bc%92%ef%bc%90%ef%bc%90%ef%bc%99%ef%bc%89\/\">\u6559\u5ba4\u77ed\u4fe1 (2009)<\/a><\/li>\n<li><a href=\"http:\/\/france.hiroshima-u.ac.jp\/ja\/%e6%95%99%e5%ae%a4%e7%9f%ad%e4%bf%a1%ef%bc%88%ef%bc%92%ef%bc%90%ef%bc%90%ef%bc%98%ef%bc%89\/\">\u6559\u5ba4\u77ed\u4fe1 (2008)<\/a><\/li>\n<li><a href=\"http:\/\/france.hiroshima-u.ac.jp\/ja\/%e6%95%99%e5%ae%a4%e7%9f%ad%e4%bf%a1%ef%bc%88%ef%bc%92%ef%bc%90%ef%bc%90%ef%bc%96%ef%bc%89\/\">\u6559\u5ba4\u77ed\u4fe1 (2006)<\/a><\/li>\n<li><a href=\"http:\/\/france.hiroshima-u.ac.jp\/ja\/%e6%95%99%e5%ae%a4%e7%9f%ad%e4%bf%a1%ef%bc%882005%ef%bc%89\/\">\u6559\u5ba4\u77ed\u4fe1\uff082005\uff09<\/a><\/li>\n<li><a href=\"http:\/\/france.hiroshima-u.ac.jp\/ja\/%e6%95%99%e5%ae%a4%e7%9f%ad%e4%bf%a1%ef%bc%882004%ef%bc%89\/\">\u6559\u5ba4\u77ed\u4fe1\uff082004\uff09<\/a><\/li>\n<li><a href=\"http:\/\/france.hiroshima-u.ac.jp\/ja\/%e6%95%99%e5%ae%a4%e7%9f%ad%e4%bf%a1%ef%bc%882003%ef%bc%89\/\">\u6559\u5ba4\u77ed\u4fe1\uff082003\uff09<\/a><\/li>\n<li><a href=\"http:\/\/france.hiroshima-u.ac.jp\/ja\/%e6%95%99%e5%ae%a4%e7%9f%ad%e4%bf%a1%ef%bc%882002%ef%bc%89\/\">\u6559\u5ba4\u77ed\u4fe1\uff082002\uff09<\/a><\/li>\n<li><a href=\"http:\/\/france.hiroshima-u.ac.jp\/ja\/%e6%95%99%e5%ae%a4%e7%9f%ad%e4%bf%a1%ef%bc%882001%ef%bc%89\/\">\u6559\u5ba4\u77ed\u4fe1\uff082001\uff09<\/a><\/li>\n<li><a href=\"http:\/\/france.hiroshima-u.ac.jp\/ja\/%e6%95%99%e5%ae%a4%e7%9f%ad%e4%bf%a1%ef%bc%882000%ef%bc%89\/\">\u6559\u5ba4\u77ed\u4fe1\uff082000\uff09<\/a><\/li>\n<li><a href=\"http:\/\/france.hiroshima-u.ac.jp\/ja\/%e6%95%99%e5%ae%a4%e7%9f%ad%e4%bf%a1%ef%bc%881999%ef%bc%89\/\">\u6559\u5ba4\u77ed\u4fe1\uff081999\uff09<\/a><\/li>\n<\/ul>\n","protected":false},"excerpt":{"rendered":"<p>Le r\u00e9sum\u00e9 des activit\u00e9s de l&#8217;ann\u00e9e&hellip;&nbsp;<a href=\"https:\/\/france.hiroshima-u.ac.jp\/?page_id=855\" class=\"more-link\">Read More<\/a><\/p>\n","protected":false},"author":1,"featured_media":0,"parent":0,"menu_order":7,"comment_status":"closed","ping_status":"closed","template":"","meta":{"footnotes":""},"class_list":["post-855","page","type-page","status-publish","hentry"],"jetpack_sharing_enabled":true,"_links":{"self":[{"href":"https:\/\/france.hiroshima-u.ac.jp\/index.php?rest_route=\/wp\/v2\/pages\/855","targetHints":{"allow":["GET"]}}],"collection":[{"href":"https:\/\/france.hiroshima-u.ac.jp\/index.php?rest_route=\/wp\/v2\/pages"}],"about":[{"href":"https:\/\/france.hiroshima-u.ac.jp\/index.php?rest_route=\/wp\/v2\/types\/page"}],"author":[{"embeddable":true,"href":"https:\/\/france.hiroshima-u.ac.jp\/index.php?rest_route=\/wp\/v2\/users\/1"}],"replies":[{"embeddable":true,"href":"https:\/\/france.hiroshima-u.ac.jp\/index.php?rest_route=%2Fwp%2Fv2%2Fcomments&post=855"}],"version-history":[{"count":2,"href":"https:\/\/france.hiroshima-u.ac.jp\/index.php?rest_route=\/wp\/v2\/pages\/855\/revisions"}],"predecessor-version":[{"id":908,"href":"https:\/\/france.hiroshima-u.ac.jp\/index.php?rest_route=\/wp\/v2\/pages\/855\/revisions\/908"}],"wp:attachment":[{"href":"https:\/\/france.hiroshima-u.ac.jp\/index.php?rest_route=%2Fwp%2Fv2%2Fmedia&parent=855"}],"curies":[{"name":"wp","href":"https:\/\/api.w.org\/{rel}","templated":true}]}}