{"id":797,"date":"2019-03-19T11:06:16","date_gmt":"2019-03-19T02:06:16","guid":{"rendered":"https:\/\/home.hiroshima-u.ac.jp\/~france\/?page_id=797"},"modified":"2019-03-19T13:23:14","modified_gmt":"2019-03-19T04:23:14","slug":"%e6%95%99%e5%ae%a4%e7%9f%ad%e4%bf%a1%ef%bc%882004%ef%bc%89","status":"publish","type":"page","link":"https:\/\/france.hiroshima-u.ac.jp\/?page_id=797&lang=ja","title":{"rendered":"\u6559\u5ba4\u77ed\u4fe1\uff082004\uff09"},"content":{"rendered":"<p>\u25ce1998\u5e744\u6708\u4ee5\u67656\u5e74\u9593\u5f53\u6559\u5ba4\u3067\u6559\u97ad\u3092\u3068\u3089\u308c\u305f\u5916\u56fd\u4eba\u6559\u5e2bChristian LE DIMNA\u6c0f\u306f\uff0c2004\u5e743\u6708\u672b\u3067\u5e83\u5cf6\u5927\u5b66\u3092\u9000\u8077\u3055\u308c\uff0c4\u6708\u304b\u3089\u5e83\u5cf6\u5e02\u7acb\u5927\u5b66\u6559\u6388\u306b\u5c31\u4efb\u3055\u308c\u305f\u3002<br \/>\n\u305d\u306e\u5f8c\u4efb\u3068\u3057\u3066\uff0cJean-Gabriel SANTONI\u6c0f\u304c2004\u5e744\u6708\u306b\u7740\u4efb\u3055\u308c\u305f\u3002<\/p>\n<p>\u25ce2004\u5e74\u5ea6\u306f\u6559\u5ba4\u95a2\u4fc2\u8005\u306e\u307b\u304b\u306b\uff0c\u524d\u671f\u306b\u4e2d\u5ddd\u6b63\u5f18\u5e83\u5cf6\u5927\u5b66\u7559\u5b66\u751f\u30bb\u30f3\u30bf\u30fc\u6559\u6388\uff08\u30cc\u30fc\u30f4\u30a9\u30fc\u30fb\u30ed\u30de\u30f3\u7814\u7a76\uff09\u306b\u51fa\u8b1b\u3057\u3066\u3044\u305f\u3060\u3044\u3066\u304a\u308a\uff0c\u96c6\u4e2d\u8b1b\u7fa9\u306e\u5f62\u5f0f\u3067\uff0c\u524d\u671f\u306b\u4fe1\u5dde\u5927\u5b66\u306e\u5409\u7530\u6b63\u660e\u52a9\u6559\u6388\uff08\u30e9\u30f3\u30dc\u30fc\u7814\u7a76\uff09\u306b\u3054\u63f4\u52a9\u3044\u305f\u3060\u3044\u3066\u3044\u308b\u3002<\/p>\n<p>\u25ce\u4f0a\u30b1\u5d0e\u6cf0\u679d\u6c0f\u306f\uff0c2003\u5e7412\u6708\u306b\u30ea\u30fc\u30eb\u5927\u5b66\u3067\u5b66\u4f4d\u3092\u53d6\u5f97\u3055\u308c\u305f\u3002\u8ad6\u6587\u984c\u76ee\u306f\uff0c<br \/>\n&#8220;Les Proc\u00e9d\u00e9s narratifs dans les \u0153uvres de Simone de Beauvoir&#8221;<\/p>\n<p>\u25ce\u4e2d\u5c71\u667a\u5b50\u6c0f\u306f\uff0c2003\u5e7410\u6708\u306b\u30ca\u30f3\u30c8\u5927\u5b66\u3067DEA\u3092\u53d6\u5f97\u3057\u305f\u5f8c\uff0c2004\u5e748\u6708\u306b\u5e30\u56fd\u3055\u308c\u305f\u3002<\/p>\n<p>\u25ce\u9577\u8c37\u5ddd\u4f50\u7e54\u6c0f\u306f\u4e0b\u8a18\u306e\u56f3\u66f8\u3092\u7ffb\u8a33\u30fb\u51fa\u7248\u3055\u308c\u305f\u3002<br \/>\n\u30ab\u30c8\u30ea\u30fc\u30cc\u30fb\u30ad\u30e5\u30c3\u30bb\u8457\uff0c\u9577\u8c37\u5ddd\u4f50\u7e54\u8a33\u300e\u30b8\u30a7\u30fc\u30f3\u306b\u8d77\u304d\u305f\u3053\u3068\u300f\u6771\u4eac\u5275\u5143\u793e\uff0c2004<\/p>\n<p>\u25ce\u5e83\u5cf6\u5927\u5b66\u6587\u5b66\u90e8\u3068\u30b9\u30a4\u30b9\u306e\u30ed\u30fc\u30b6\u30f3\u30cc\u5927\u5b66\u6587\u5b66\u90e8\u3068\u306e\u9593\u306e\u5b66\u8853\u4ea4\u6d41\u5354\u5b9a\u306b\u57fa\u3065\u3044\u3066\uff0c\u5f53\u6559\u5ba4\u306e\u5927\u5b66\u9662\u535a\u58eb\u8ab2\u7a0b\u524d\u671f2\u5e74\u4f50\u85e4\u7531\u7d00\u5b50\u3055\u3093\u304c\uff0c2004\u5e7410\u6708\u304b\u3089\u7d041\u5e74\u9593\u306e\u4e88\u5b9a\u3067\uff0c\u540c\u5927\u5b66\u6587\u5b66\u90e8\u306b\u6d3e\u9063\u3055\u308c\u305f\u3002<br \/>\n\u307e\u305f\uff0c2003\u5e74\u5ea6\u304b\u3089\u65b0\u305f\u306b\u59cb\u307e\u3063\u305f\u30ed\u30fc\u30b6\u30f3\u30cc\u5927\u5b66\u590f\u5b63\u30d5\u30e9\u30f3\u30b9\u8a9e\u7814\u4fee\u77ed\u671f\u7559\u5b66\u30d7\u30ed\u30b0\u30e9\u30e0\u306b\u3088\u308a\uff0c\u5f53\u6559\u5ba4\u306e3\u540d\u3092\u306f\u3058\u30815\u540d\u306e\u5b66\u751f\u304c2004\u5e748\uff0d9\u6708\uff0c\u540c\u5927\u5b66\u306b\u6d3e\u9063\u3055\u308c\u305f\u3002<\/p>\n<p>\uff08H\uff09<\/p>\n<p>2003\u5e74\u5ea6\u3000\u5352\u696d\u8ad6\u6587\u984c\u76ee<\/p>\n<p>\u77f3\u7530\u3000\u76f4\u5b50\u3000\u3000\u300e\u30ed\u30e9\u30f3\u306e\u6b4c\u300f\u306b\u304a\u3051\u308b\u4eba\u7269\u63cf\u5199<br \/>\n\u677f\u4e95\u3000\u90c1\u6c5f\u3000\u3000\u30de\u30ea\u30fc\u30fb\u30c9\u30fb\u30d5\u30e9\u30f3\u30b9\u300c\u30d6\u30eb\u30bf\u30fc\u30cb\u30e5\u3082\u306e\u300d\u306e\u30ec\u30fc\u306b\u307f\u308b\u5f71\u97ff\u3068<br \/>\n\u72ec\u81ea\u6027<br \/>\n\u4e45\u5229\u3000\u7f8e\u9999\u5b50\u3000\u30b8\u30d7\u30b7\u30fc\u3092\u901a\u3057\u3066\u307f\u308b\u300e\u30ab\u30eb\u30e1\u30f3\u300f<br \/>\n\u6d5c\u3000\u3044\u304f\u3048\u3000\u3000\u5c0f\u8aac\u300e\u306b\u3093\u3058\u3093\u300f\u3068\u622f\u66f2\u300e\u306b\u3093\u3058\u3093\u300f\u306b\u304a\u3051\u308b\u4e3b\u4eba\u516c\u50cf\u306e\u5909\u5316<br \/>\n\u306b\u3064\u3044\u3066<\/p>\n","protected":false},"excerpt":{"rendered":"<p>\u25ce1998\u5e744\u6708\u4ee5\u67656\u5e74\u9593\u5f53\u6559\u5ba4\u3067\u6559\u97ad\u3092\u3068\u3089\u308c\u305f\u5916\u56fd\u4eba\u6559\u5e2bChristian L&hellip;&nbsp;<a href=\"https:\/\/france.hiroshima-u.ac.jp\/?page_id=797&#038;lang=ja\" class=\"more-link\">Read More<\/a><\/p>\n","protected":false},"author":1,"featured_media":0,"parent":0,"menu_order":22,"comment_status":"closed","ping_status":"closed","template":"","meta":{"footnotes":""},"class_list":["post-797","page","type-page","status-publish","hentry"],"jetpack_sharing_enabled":true,"_links":{"self":[{"href":"https:\/\/france.hiroshima-u.ac.jp\/index.php?rest_route=\/wp\/v2\/pages\/797","targetHints":{"allow":["GET"]}}],"collection":[{"href":"https:\/\/france.hiroshima-u.ac.jp\/index.php?rest_route=\/wp\/v2\/pages"}],"about":[{"href":"https:\/\/france.hiroshima-u.ac.jp\/index.php?rest_route=\/wp\/v2\/types\/page"}],"author":[{"embeddable":true,"href":"https:\/\/france.hiroshima-u.ac.jp\/index.php?rest_route=\/wp\/v2\/users\/1"}],"replies":[{"embeddable":true,"href":"https:\/\/france.hiroshima-u.ac.jp\/index.php?rest_route=%2Fwp%2Fv2%2Fcomments&post=797"}],"version-history":[{"count":2,"href":"https:\/\/france.hiroshima-u.ac.jp\/index.php?rest_route=\/wp\/v2\/pages\/797\/revisions"}],"predecessor-version":[{"id":799,"href":"https:\/\/france.hiroshima-u.ac.jp\/index.php?rest_route=\/wp\/v2\/pages\/797\/revisions\/799"}],"wp:attachment":[{"href":"https:\/\/france.hiroshima-u.ac.jp\/index.php?rest_route=%2Fwp%2Fv2%2Fmedia&parent=797"}],"curies":[{"name":"wp","href":"https:\/\/api.w.org\/{rel}","templated":true}]}}