{"id":50,"date":"2019-03-07T14:02:17","date_gmt":"2019-03-07T05:02:17","guid":{"rendered":"https:\/\/home.hiroshima-u.ac.jp\/~france\/?page_id=50"},"modified":"2019-04-08T12:54:59","modified_gmt":"2019-04-08T03:54:59","slug":"%e3%83%ad%e3%83%bc%e3%82%b6%e3%83%b3%e3%83%8c%e5%a4%a7%e5%ad%a6%e5%a4%8f%e5%ad%a3%e3%83%95%e3%83%a9%e3%83%b3%e3%82%b9%e8%aa%9e%e7%a0%94%e4%bf%ae%e3%83%97%e3%83%ad%e3%82%b0%e3%83%a9%e3%83%a0%e5%8f%82","status":"publish","type":"page","link":"https:\/\/france.hiroshima-u.ac.jp\/?page_id=50&lang=ja","title":{"rendered":"\u7814\u4fee\u30d7\u30ed\u30b0\u30e9\u30e0\u53c2\u52a0\u8005\u3078 \u4f53\u9a13\u8ac7\u30fb\u52a9\u8a00\u96c6"},"content":{"rendered":"\n<p><strong>\u77ed\u671f\u7559\u5b66\u306e\u7559\u5b66\u5148<\/strong><\/p>\n\n\n\n<p>\u00a0\u00a0\u00a0\u00a0\u00a0\u00a0\u00a0\u00a0\u00a0\u00a0\u00a0\u00a0\u00a0 \u30ed\u30fc\u30b6\u30f3\u30cc\u5927\u5b66\u590f\u5b63\u30d5\u30e9\u30f3\u30b9\u8a9e\u8b1b\u5ea7<br>Cours de Vacances,\u00a0 Universit\u00e9 de Lausanne (UNIL)<br>B\u00e2timent des Facult\u00e9 des Sciences Humaines 2 (B.F.S.H. 2)<br>Dorigny\u00a0 CH-1015 Lausanne \/ Suisse\u3000\uff08\u30b9\u30a4\u30b9\u9023\u90a6\uff0c\u30ed\u30fc\u30b6\u30f3\u30cc\u5e02\uff09 Tel : +21-692-3090\u00a0 Fax : +21-692-3085\u00a0 <br>E-mail : CoursDeVacances@cvac.unil.ch<br> URL : <a href=\"http:\/\/www.unil.ch\/cvac\">http:\/\/www.unil.ch\/cvac<\/a><\/p>\n\n\n\n<p>\u82f1\u8a9e\u306b\u3088\u308b\u8aac\u660e\u3082\u6709<\/p>\n\n\n\n<p><strong>\u51fa\u767a\u307e\u3067<\/strong><strong><\/strong><\/p>\n\n\n\n<p>\u30fb\u53c2\u52a0\u30d5\u30e9\u30f3\u30b9\u8a9e\u7814\u4fee\u3092\u7b2c\u4f55\u671f\uff08S\u00e9rie\uff09\u306b\u3059\u308b\u304b\uff0c\u51fa\u767a\u65e5\uff0c\u5e30\u56fd\u65e5\u306a\u3069\u3092\u6c7a\u3081\u308b\u3002<br>\u30fb\u30d1\u30b9\u30dd\u30fc\u30c8\uff08\u65c5\u5238\uff09\u306e\u53d6\u5f97 : \u5404\u770c\u5e81\uff08\u65c5\u5238\u30bb\u30f3\u30bf\u30fc\uff09\u3067<br>\u00a0\u00a0\u00a0\u00a0\u00a0\u00a0\u00a0\u00a0\u00a0\u00a0\u00a0\u00a0\u00a0 \u5e83\u5cf6\u770c\u306e\u5834\u5408\uff1a\u5e83\u5cf6\u770c\u65c5\u5238\u30bb\u30f3\u30bf\u30fc\u3000\u30c6\u30ec\u30db\u30f3\u30b5\u30fc\u30d3\u30b9\uff1a082-227-8410<br>\u30fb\u822a\u7a7a\u4f1a\u793e\uff0c\u6e21\u822a\u7d4c\u8def\u304a\u3088\u3073\u65c5\u884c\u4ee3\u7406\u5e97\u306e\u9078\u629e\u30fb\u6c7a\u5b9a\uff08\u6b63\u5f0f\u306a\u6599\u91d1\u304c\u5206\u308b\u306e\u306f3\u30f6\u6708\u524d\uff09<br>\u30a8\u30fc\u30eb\u30d5\u30e9\u30f3\u30b9\uff08AF\uff09\uff0c\u5927\u97d3\u822a\u7a7a\uff08KAL\uff09\uff0c\u30b7\u30f3\u30ac\u30dd\u30fc\u30eb\u822a\u7a7a\uff0cetc.<br> \u95a2\u897f\u7a7a\u6e2f\u767a\uff0c\u798f\u5ca1\u7a7a\u6e2f\u767a\uff1b\u76f4\u884c\u4fbf\uff0c\u30bd\u30a6\u30eb\u7d4c\u7531\uff0c\u30b7\u30f3\u30ac\u30dd\u30fc\u30eb\u7d4c\u7531\uff0cetc.<br> \u751f\u5354\u305d\u306e\u4ed6\u306e\u65c5\u884c\u4ee3\u7406\u5e97<br>\u822a\u7a7a\u904b\u8cc3\u306f\u822a\u7a7a\u4f1a\u793e\uff0c\u51fa\u767a\u6642\u671f\u306a\u3069\u306b\u3088\u3063\u3066\u5dee\u304c\u3042\u308b\u3002<\/p>\n\n\n\n<p>\u30fb\u767b\u9332\uff1afiche d&#8217;inscription\u306b\u5fc5\u8981\u4e8b\u9805\u3092\u66f8\u304d\u8fbc\u307f\uff0c\u5199\u771f\u3092\uff12\u679a\u540c\u5c01\u3057\u3066\u9001\u308b\u3002<br>\u30fb\u6388\u696d\u6599\u306e\u6255\u3044\u8fbc <br>\u30fb\u5bbf\u820e\u8cbb\u306f\u73fe\u5730\u3067\u652f\u6255\u3044\u53ef<\/p>\n\n\n\n<p><strong>\u65e5\u672c\u304b\u3089\u30ed\u30fc\u30b6\u30f3\u30cc\u307e\u3067<\/strong><strong><\/strong><\/p>\n\n\n\n<p> \u00a0\u00a0\u00a0\u00a0\u00a0\u00a0\u00a0\u00a0\u00a0\u00a0\u00a0\u00a0 \u822a\u7a7a\u4f1a\u793e\uff0c\u7d4c\u8def\u306b\u3088\u3063\u3066\u7570\u306a\u308b\u3002\u30b8\u30e5\u30cd\u30fc\u30f4\u7a7a\u6e2f\u304b\u3089\u30b8\u30e5\u30cd\u30fc\u30f4\u99c5\u307e\u3067\u306f\u9244\u9053\u304c\u3042\u308b\uff08\u7d0410\u5206\uff09\u3002\u30b8\u30e5\u30cd\u30fc\u30f4\u304b\u3089\u30ed\u30fc\u30b6\u30f3\u30cc\u307e\u3067\uff0c\u5217\u8eca\u3067\u7d04\uff11\u6642\u9593\u5f31\u3002<\/p>\n\n\n\n<p><strong>\u5bbf\u820e\u3078\u306e\u5230\u7740<\/strong><strong><\/strong><\/p>\n\n\n\n<p> \u00a0\u00a0 \u9375\u306e\u53d7\u3051\u53d6\u308a\uff1a\u571f\u65e5\u306b\u5230\u7740\u306e\u5834\u5408\u306b\u306f\uff0c\u91d1\u5eab\u306e\u4e2d\uff08\u90e8\u5c4b\u306e\u4e2d\u306e\u673a\u306e\u4e0a\uff09\u306b\u7f6e\u3044\u3066\u3042\u308b\u3002 \u5bbf\u820e\u540d\uff0c\u4f4f\u6240\u3068\u90e8\u5c4b\u756a\u53f7\u306f\u4e88\u3081\u77e5\u3089\u3055\u308c\u3066\u3044\u308b\u3002<\/p>\n\n\n\n<p> \u5bbf\u820e\u306e\u69cb\u9020:<br>\u30fb\uff08Rodanie\u5bbf\u820e\u306e\u5834\u5408\uff09: <\/p>\n\n\n\n<ul class=\"wp-block-list\"><li>\u5404\u5ba4\u306b\u30c8\u30a4\u30ec\uff0c\u30b7\u30e3\u30ef\u30fc\uff0c\u6d17\u9762\u6240\uff08lavabo\uff09\uff0c\u30d9\u30c3\u30c9\uff0c\u673a\u3002\u3000<\/li><li>\u5404\u968e\u306b\u5171\u540c\u53f0\u6240<\/li><li>\u773a\u671b\u826f\u3057<\/li><\/ul>\n\n\n\n<p>\u30fb\uff08Falaise \u5bbf\u820e\u306e\u5834\u5408\uff09<\/p>\n\n\n\n<ul class=\"wp-block-list\"><li>\u5404\u5ba4\u306b\u30c8\u30a4\u30ec\uff0c\u30b7\u30e3\u30ef\u30fc\uff0c\u6d17\u9762\u6240\uff08lavabo\uff09\uff0c\u30d9\u30c3\u30c9\uff0c\u673a\uff0c\u51b7\u8535\u5eab<\/li><li>\u3000\u773a\u671b\u826f\u3057\uff08Rodanie\u5bbf\u820e\u307b\u3069\u3067\u306f\u306a\u3044\u3068\u306e\u3053\u3068\u3060\u304c\uff09<\/li><\/ul>\n\n\n\n<p><strong>\u6388\u696d\u306b\u3064\u3044\u3066<\/strong><strong><\/strong><\/p>\n\n\n\n<p> \u57fa\u672c\u30af\u30e9\u30b9\u306b\u52a0\u3048\u3066\u3001\u30aa\u30d7\u30b7\u30e7\u30f3\u30af\u30e9\u30b9\uff08\u7121\u6599\uff09\u3068\u30aa\u30d7\u30b7\u30e7\u30f3\u30af\u30e9\u30b9\uff08\u6709\u6599\uff09\u304c\u3042\u308b\u3002<\/p>\n\n\n\n<p><strong>\u7814\u4fee\u521d\u65e5<\/strong><strong><\/strong><\/p>\n\n\n\n<p>\u5404\u671f\u306e\u521d\u65e5\uff08\u6708\u66dc\u65e5\uff098\uff1a30\u306b\u30ed\u30fc\u30b6\u30f3\u30cc\u5927\u5b66\u6587\u5b66\u90e8\u306e\u5efa\u7269\u306e\u6c7a\u3081\u3089\u308c\u305f\u5834\u6240\u306b\u96c6\u5408\u3002\u305d\u3053\u3067\u30af\u30e9\u30b9\u5206\u3051\u304c\u3042\u308a\uff0c\u6240\u5c5e\u30af\u30e9\u30b9\u304c\u6c7a\u3081\u3089\u308c\u308b\u3002\u62c5\u4efb\u306e\u5148\u751f\u7d39\u4ecb\u3002<\/p>\n\n\n\n<p>\u5b66\u751f\u8a3c\u3092\u53d7\u9818\u3059\u308b\u3002\u3053\u308c\u306f\u8eab\u5206\u8a3c\u660e\u66f8\u3067\u3042\u308a\uff0c\u3053\u308c\u3067\u5927\u5b66\u98df\u5802\u306e\u5229\u7528\uff0c\u30e1\u30c8\u30ed\u3084\u30d0\u30b9\u306e\u5272\u5f15\u304d\u5238\u8cfc\u5165\u304c\u3067\u304d\u308b\u307b\u304b\uff0c\u3044\u308a\u3044\u308d\u306a\u3053\u3068\u306b\u5b66\u751f\u5272\u5f15\u304d\u306e\u7279\u5178\u304c\u5f97\u3089\u308c\u308b\u3002\u30e1\u30c8\u30ed\uff0c\u30d0\u30b9\u306e\u5b66\u751f\u5272\u5f15\u5207\u7b26\u306f\uff0c\u521d\u65e5\u304b\u30892\u30fb3\u65e5\u9593\u306fSecr\u00e9tariat\u306e\u524d\u3067\u8cb7\u3048\u308b\u3002<\/p>\n\n\n\n<p><strong>\u9060\u8db3\uff08<\/strong><strong>Excursions<\/strong><strong>\uff0c\u6709\u6599\uff09\u306a\u3069\u306b\u3064\u3044\u3066<\/strong><strong><\/strong><\/p>\n\n\n\n<p> &nbsp;&nbsp;&nbsp;&nbsp;&nbsp;&nbsp;&nbsp;&nbsp;&nbsp;&nbsp;&nbsp;&nbsp; \u9031\u306b\uff11\u56de\u304f\u3089\u3044\u30af\u30e9\u30b9\u3067\u306e\u30a8\u30af\u30b9\u30ab\u30fc\u30b7\u30e7\u30f3\uff08\u6388\u696d\u5f8c\uff09&nbsp;&nbsp;&nbsp;&nbsp;&nbsp;&nbsp;&nbsp;&nbsp;&nbsp;&nbsp;&nbsp;&nbsp;&nbsp; \u3000\u3000\u3000\u3000\u5168\u4f53\u3067\u306e\u30a8\u30af\u30b9\u30ab\u30fc\u30b7\u30e7\u30f3: \u6709\u6599\u306e\u3082\u306e\u3082\u3042\u308b\uff08\u5c71\u3084\u30b0\u30ea\u30e5\u30a4\u30a8\u30fc\u30eb\u306e\u30c1\u30fc\u30ba\u5de5\u5834\u306a\u3069\uff09\u3002\u663c\u98df\u6301\u53c2\u3002<\/p>\n\n\n\n<p><strong>\u98df\u4e8b\u306b\u3064\u3044\u3066<\/strong><strong><\/strong><\/p>\n\n\n\n<ul class=\"wp-block-list\"><li> \u5b66\u751f\u98df\u5802\uff08\u663c\u98df\uff09\u00a0\u00a0\u00a0\u00a0\u00a0\u00a0\u00a0\u00a0\u00a0\u00a0\u00a0\u00a0\u00a0 <\/li><li>\u6388\u696d\u306e\u3042\u308b\u6821\u820e\uff08\u6587\u5b66\u90e8\u306e\u5efa\u7269\uff09\u306b\u306f\u30ab\u30d5\u30a7\u30c6\u30ea\u30a2\u304c\u3042\u308b\u3002<\/li><li>\u4ed6\u306e\u6821\u820e\uff08\u5efa\u7269\uff09\u306b\u30ec\u30b9\u30c8\u30e9\u30f3\u3084\u30ad\u30aa\u30b9\u30af\u304c\u3042\u308b\u3002<\/li><li>\u81ea\u708a<\/li><li>\u30ec\u30b9\u30c8\u30e9\u30f3\uff1a\u5bee\u304b\u3089\u5c11\u3057\u884c\u3051\u3070\uff0c\u305f\u304f\u3055\u3093\u3042\u308b\u3002\uff08Rodanie\uff09<\/li><\/ul>\n\n\n\n<p><strong>\u98df\u5668\u985e<\/strong><strong><\/strong><\/p>\n\n\n\n<p><strong>\u6d17\u6fef<\/strong><strong><\/strong><\/p>\n\n\n\n<p><strong>\u8cb7\u3044\u7269\u306b\u3064\u3044\u3066<\/strong><strong><\/strong><\/p>\n\n\n\n<p> \u00a0\u00a0\u00a0\u00a0\u00a0\u00a0\u00a0\u00a0\u00a0\u00a0\u00a0\u00a0 \u5bee\u306e\u8fd1\u304f\u306b\u30b9\u30fc\u30d1\u30fc\u304c\u3042\u308b\u3002\uff08\u305f\u3060\u3057\u3001\u65e5\u66dc\u65e5\u306f\u9589\u307e\u3063\u3066\u3044\u308b\u3002\u30e6\u30cb\u30af\u30ed\u306e\u3088\u3046\u306a\u5b89\u3044\u5e97\u304b\u3089\uff0c\u30d9\u30cd\u30c8\u30f3\u3084\u30d6\u30e9\u30f3\u30c9\u5e97\u3082\u3042\u308b\u3002 \u96d1\u8ca8\u5c4b\u3055\u3093\u3082\u3042\u308b\u3002<\/p>\n\n\n\n<p><strong>\u904b\u52d5\uff0c\u5a2f\u697d\uff0c\u30b3\u30f3\u30b5\u30fc\u30c8\uff0c\u6620\u753b\u306a\u3069\u306b\u3064\u3044\u3066<\/strong><strong><\/strong><\/p>\n\n\n\n<p>&nbsp;&nbsp;&nbsp;&nbsp;&nbsp;&nbsp;&nbsp;&nbsp;&nbsp;&nbsp;&nbsp;&nbsp;&nbsp; \u767b\u9332\u3059\u308c\u3070\u5927\u5b66\u306e\u65bd\u8a2d\u3092\u4f7f\u3048\u308b\u3002 \u6bce\u9031\uff0c\u8b1b\u6f14\u4f1a\u3084\u6620\u753b\u306e\u4e0a\u6f14\u304c\u3042\u308b\u3002<\/p>\n","protected":false},"excerpt":{"rendered":"<p>\u77ed\u671f\u7559\u5b66\u306e\u7559\u5b66\u5148 \u00a0\u00a0\u00a0\u00a0\u00a0\u00a0\u00a0\u00a0\u00a0\u00a0\u00a0\u00a0\u00a0 \u30ed\u30fc\u30b6\u30f3\u30cc\u5927\u5b66\u590f\u5b63\u30d5\u30e9\u30f3\u30b9\u8a9e\u8b1b\u5ea7C&hellip;&nbsp;<a href=\"https:\/\/france.hiroshima-u.ac.jp\/?page_id=50&#038;lang=ja\" class=\"more-link\">Read More<\/a><\/p>\n","protected":false},"author":1,"featured_media":0,"parent":43,"menu_order":63,"comment_status":"closed","ping_status":"closed","template":"","meta":{"footnotes":""},"class_list":["post-50","page","type-page","status-publish","hentry"],"jetpack_sharing_enabled":true,"_links":{"self":[{"href":"https:\/\/france.hiroshima-u.ac.jp\/index.php?rest_route=\/wp\/v2\/pages\/50","targetHints":{"allow":["GET"]}}],"collection":[{"href":"https:\/\/france.hiroshima-u.ac.jp\/index.php?rest_route=\/wp\/v2\/pages"}],"about":[{"href":"https:\/\/france.hiroshima-u.ac.jp\/index.php?rest_route=\/wp\/v2\/types\/page"}],"author":[{"embeddable":true,"href":"https:\/\/france.hiroshima-u.ac.jp\/index.php?rest_route=\/wp\/v2\/users\/1"}],"replies":[{"embeddable":true,"href":"https:\/\/france.hiroshima-u.ac.jp\/index.php?rest_route=%2Fwp%2Fv2%2Fcomments&post=50"}],"version-history":[{"count":3,"href":"https:\/\/france.hiroshima-u.ac.jp\/index.php?rest_route=\/wp\/v2\/pages\/50\/revisions"}],"predecessor-version":[{"id":867,"href":"https:\/\/france.hiroshima-u.ac.jp\/index.php?rest_route=\/wp\/v2\/pages\/50\/revisions\/867"}],"up":[{"embeddable":true,"href":"https:\/\/france.hiroshima-u.ac.jp\/index.php?rest_route=\/wp\/v2\/pages\/43"}],"wp:attachment":[{"href":"https:\/\/france.hiroshima-u.ac.jp\/index.php?rest_route=%2Fwp%2Fv2%2Fmedia&parent=50"}],"curies":[{"name":"wp","href":"https:\/\/api.w.org\/{rel}","templated":true}]}}